{"id":726,"date":"2021-04-13T09:08:17","date_gmt":"2021-04-13T09:08:17","guid":{"rendered":"https:\/\/www.cetec.tn\/?page_id=726"},"modified":"2022-11-01T14:34:20","modified_gmt":"2022-11-01T14:34:20","slug":"activites","status":"publish","type":"page","link":"https:\/\/www.cetec.tn\/ar\/activites\/","title":{"rendered":"\u0623\u0646\u0634\u0637\u0629"},"content":{"rendered":"<h1><i><u>\u0646\u0634\u0631\u064a\u0627\u062a\u0646\u0627<\/u><\/i><\/h1>\n<hr \/>\n<h1 style=\"text-align: right;\"><span style=\"font-size: 12pt;\"><a href=\"https:\/\/www.cetec.tn\/ar\/formation-ecodyn-3\/\">https:\/\/www.cetec.tn\/ar\/formation-ecodyn-3\/<\/a>:ECODYN 3<\/span><span style=\"font-size: 12pt;\">\u0627\u0644\u0631\u0627\u0628\u0637 \u0625\u0644\u0649 \u0645\u0642\u0627\u0644 \u0627\u0644\u062a\u0643\u0648\u064a\u0646 \u0639\u0644\u0649\u00a0\u00a0<\/span><\/h1>\n<h1 style=\"text-align: right;\"><span style=\"font-size: 12pt;\"><a href=\"https:\/\/www.cetec.tn\/ar\/formation-apl-4\/\">https:\/\/www.cetec.tn\/ar\/formation-apl-4\/<\/a>:APL4<\/span><span style=\"font-size: 12pt;\">\u0627\u0644\u0631\u0627\u0628\u0637 \u0625\u0644\u0649 \u0645\u0642\u0627\u0644 \u0627\u0644\u062a\u0643\u0648\u064a\u0646 \u0639\u0644\u0649\u00a0<\/span><\/h1>\n<h1><span style=\"font-size: 12pt;\">&#8211; lien vers l&#8217;article : FORMATION M2F <a href=\"https:\/\/www.cetec.tn\/f\/\">https:\/\/www.cetec.tn\/f\/<\/a> (\u0646\u0633\u062e\u0629 \u063a\u064a\u0631 \u0645\u062a\u0631\u062c\u0645\u0629 \u0625\u0644\u0649 \u0627\u0644\u0644\u063a\u0629 \u0627\u0644\u0639\u0631\u0628\u064a\u0629)<\/span><\/h1>\n<h1><span style=\"font-size: 12pt;\">&#8211; lien vers l&#8217;article :RE-MED, UN PROJET DE RECYCLAGE DES D\u00c9CHETS DU BTP -FORMATIONS PR\u00c9ALABLES \u00c0 LA R\u00c9ALISATION DES PILOTES <a href=\"https:\/\/www.cetec.tn\/re-med-un-projet-de-recyclage-des-dechets-du-btp-formations-prealables-a-la-realisation-des-pilotes\/\">https:\/\/www.cetec.tn\/re-med-un-projet-de-recyclage-des-dechets-du-btp-formations-prealables-a-la-realisation-des-pilotes\/<\/a>(\u0646\u0633\u062e\u0629 \u063a\u064a\u0631 \u0645\u062a\u0631\u062c\u0645\u0629 \u0625\u0644\u0649 \u0627\u0644\u0644\u063a\u0629 \u0627\u0644\u0639\u0631\u0628\u064a\u0629)<\/span><\/h1>\n<h1><span style=\"font-size: 12pt;\">&#8211; lien vers l&#8217;article :RE-MED, VALORISATION DES D\u00c9CHETS DE CONSTRUCTION DANS LES PROJETS ROUTIERS <a href=\"https:\/\/www.cetec.tn\/re-med-valorisation-des-dechets-de-construction-dans-les-projets-routiers\/\">https:\/\/www.cetec.tn\/re-med-valorisation-des-dechets-de-construction-dans-les-projets-routiers\/<\/a><\/span><span style=\"font-size: 12pt;\">(\u0646\u0633\u062e\u0629 \u063a\u064a\u0631 \u0645\u062a\u0631\u062c\u0645\u0629 \u0625\u0644\u0649 \u0627\u0644\u0644\u063a\u0629 \u0627\u0644\u0639\u0631\u0628\u064a\u0629)<\/span><\/h1>\n<h1><\/h1>\n<h1 style=\"text-align: right;\"><span style=\"font-size: 12pt;\"><a href=\"https:\/\/www.cetec.tn\/ar\/journee-de-formation-gamma-densimetre\/\">https:\/\/www.cetec.tn\/ar\/journee-de-formation-gamma-densimetre\/<\/a>:Gamma densim\u00e9tre\u0627\u0644\u0631\u0627\u0628\u0637 \u0625\u0644\u0649 \u0645\u0642\u0627\u0644 \u064a\u0648\u0645 \u062a\u0643\u0648\u064a\u0646\u064a \u0639\u0644\u0649\u00a0 \u00a0<\/span><\/h1>\n","protected":false},"excerpt":{"rendered":"<p>\u0646\u0634\u0631\u064a\u0627\u062a\u0646\u0627 https:\/\/www.cetec.tn\/ar\/formation-ecodyn-3\/:ECODYN 3\u0627\u0644\u0631\u0627\u0628\u0637 \u0625\u0644\u0649 \u0645\u0642\u0627\u0644 \u0627\u0644\u062a\u0643\u0648\u064a\u0646 \u0639\u0644\u0649\u00a0\u00a0 https:\/\/www.cetec.tn\/ar\/formation-apl-4\/:APL4\u0627\u0644\u0631\u0627\u0628\u0637 \u0625\u0644\u0649 \u0645\u0642\u0627\u0644 \u0627\u0644\u062a\u0643\u0648\u064a\u0646 \u0639\u0644\u0649\u00a0 &#8211; lien vers l&#8217;article : FORMATION M2F https:\/\/www.cetec.tn\/f\/ (\u0646\u0633\u062e\u0629 \u063a\u064a\u0631 \u0645\u062a\u0631\u062c\u0645\u0629 \u0625\u0644\u0649 \u0627\u0644\u0644\u063a\u0629 \u0627\u0644\u0639\u0631\u0628\u064a\u0629) &#8211; lien vers l&#8217;article :RE-MED, UN PROJET DE RECYCLAGE DES D\u00c9CHETS DU BTP -FORMATIONS PR\u00c9ALABLES \u00c0 LA R\u00c9ALISATION DES PILOTES https:\/\/www.cetec.tn\/re-med-un-projet-de-recyclage-des-dechets-du-btp-formations-prealables-a-la-realisation-des-pilotes\/(\u0646\u0633\u062e\u0629 \u063a\u064a\u0631 \u0645\u062a\u0631\u062c\u0645\u0629 \u0625\u0644\u0649 \u0627\u0644\u0644\u063a\u0629 \u0627\u0644\u0639\u0631\u0628\u064a\u0629) &#8211; lien vers l&#8217;article :RE-MED, VALORISATION DES D\u00c9CHETS DE CONSTRUCTION DANS LES PROJETS ROUTIERS https:\/\/www.cetec.tn\/re-med-valorisation-des-dechets-de-construction-dans-les-projets-routiers\/(\u0646\u0633\u062e\u0629 \u063a\u064a\u0631 \u0645\u062a\u0631\u062c\u0645\u0629 \u0625\u0644\u0649 \u0627\u0644\u0644\u063a\u0629 \u0627\u0644\u0639\u0631\u0628\u064a\u0629) https:\/\/www.cetec.tn\/ar\/journee-de-formation-gamma-densimetre\/:Gamma densim\u00e9tre\u0627\u0644\u0631\u0627\u0628\u0637 \u0625\u0644\u0649 \u0645\u0642\u0627\u0644 \u064a\u0648\u0645 \u062a\u0643\u0648\u064a\u0646\u064a \u0639\u0644\u0649\u00a0 \u00a0<\/p>\n","protected":false},"author":2,"featured_media":0,"parent":0,"menu_order":0,"comment_status":"closed","ping_status":"closed","template":"","meta":{"kt_blocks_editor_width":"","kk_blocks_editor_width":"","_kiokenblocks_attr":"","_kiokenblocks_dimensions":"","footnotes":""},"class_list":["post-726","page","type-page","status-publish","hentry"],"featured_image_urls":{"full":"","thumbnail":"","medium":"","medium_large":"","large":"","1536x1536":"","2048x2048":"","post-thumbnail":"","capital-600x400":""},"post_excerpt_stackable":"<p>\u0646\u0634\u0631\u064a\u0627\u062a\u0646\u0627 https:\/\/www.cetec.tn\/ar\/formation-ecodyn-3\/:ECODYN 3\u0627\u0644\u0631\u0627\u0628\u0637 \u0625\u0644\u0649 \u0645\u0642\u0627\u0644 \u0627\u0644\u062a\u0643\u0648\u064a\u0646 \u0639\u0644\u0649\u00a0\u00a0 https:\/\/www.cetec.tn\/ar\/formation-apl-4\/:APL4\u0627\u0644\u0631\u0627\u0628\u0637 \u0625\u0644\u0649 \u0645\u0642\u0627\u0644 \u0627\u0644\u062a\u0643\u0648\u064a\u0646 \u0639\u0644\u0649\u00a0 &#8211; lien vers l&#8217;article : FORMATION M2F https:\/\/www.cetec.tn\/f\/ (\u0646\u0633\u062e\u0629 \u063a\u064a\u0631 \u0645\u062a\u0631\u062c\u0645\u0629 \u0625\u0644\u0649 \u0627\u0644\u0644\u063a\u0629 \u0627\u0644\u0639\u0631\u0628\u064a\u0629) &#8211; lien vers l&#8217;article :RE-MED, UN PROJET DE RECYCLAGE DES D\u00c9CHETS DU BTP -FORMATIONS PR\u00c9ALABLES \u00c0 LA R\u00c9ALISATION DES PILOTES https:\/\/www.cetec.tn\/re-med-un-projet-de-recyclage-des-dechets-du-btp-formations-prealables-a-la-realisation-des-pilotes\/(\u0646\u0633\u062e\u0629 \u063a\u064a\u0631 \u0645\u062a\u0631\u062c\u0645\u0629 \u0625\u0644\u0649 \u0627\u0644\u0644\u063a\u0629 \u0627\u0644\u0639\u0631\u0628\u064a\u0629) &#8211; lien vers l&#8217;article :RE-MED, VALORISATION DES D\u00c9CHETS DE CONSTRUCTION DANS LES PROJETS ROUTIERS https:\/\/www.cetec.tn\/re-med-valorisation-des-dechets-de-construction-dans-les-projets-routiers\/(\u0646\u0633\u062e\u0629 \u063a\u064a\u0631 \u0645\u062a\u0631\u062c\u0645\u0629 \u0625\u0644\u0649 \u0627\u0644\u0644\u063a\u0629 \u0627\u0644\u0639\u0631\u0628\u064a\u0629) https:\/\/www.cetec.tn\/ar\/journee-de-formation-gamma-densimetre\/:Gamma densim\u00e9tre\u0627\u0644\u0631\u0627\u0628\u0637 \u0625\u0644\u0649 \u0645\u0642\u0627\u0644 \u064a\u0648\u0645 \u062a\u0643\u0648\u064a\u0646\u064a \u0639\u0644\u0649\u00a0 \u00a0<\/p>\n","category_list":"","author_info":{"name":"CETEC","url":"https:\/\/www.cetec.tn\/ar\/author\/cetec\/"},"comments_num":"0 comments","yoast_head":"<!-- This site is optimized with the Yoast SEO plugin v17.7.1 - https:\/\/yoast.com\/wordpress\/plugins\/seo\/ -->\n<title>\u0623\u0646\u0634\u0637\u0629<\/title>\n<meta name=\"robots\" content=\"index, follow, max-snippet:-1, max-image-preview:large, max-video-preview:-1\" \/>\n<link rel=\"canonical\" href=\"https:\/\/www.cetec.tn\/ar\/activites\/\" \/>\n<meta property=\"og:locale\" content=\"ar_AR\" \/>\n<meta property=\"og:locale:alternate\" content=\"fr_FR\" \/>\n<meta property=\"og:type\" content=\"article\" \/>\n<meta property=\"og:title\" content=\"\u0623\u0646\u0634\u0637\u0629\" \/>\n<meta property=\"og:description\" content=\"\u0646\u0634\u0631\u064a\u0627\u062a\u0646\u0627 https:\/\/www.cetec.tn\/ar\/formation-ecodyn-3\/:ECODYN 3\u0627\u0644\u0631\u0627\u0628\u0637 \u0625\u0644\u0649 \u0645\u0642\u0627\u0644 \u0627\u0644\u062a\u0643\u0648\u064a\u0646 \u0639\u0644\u0649\u00a0\u00a0 https:\/\/www.cetec.tn\/ar\/formation-apl-4\/:APL4\u0627\u0644\u0631\u0627\u0628\u0637 \u0625\u0644\u0649 \u0645\u0642\u0627\u0644 \u0627\u0644\u062a\u0643\u0648\u064a\u0646 \u0639\u0644\u0649\u00a0 &#8211; lien vers l&#8217;article : FORMATION M2F https:\/\/www.cetec.tn\/f\/ (\u0646\u0633\u062e\u0629 \u063a\u064a\u0631 \u0645\u062a\u0631\u062c\u0645\u0629 \u0625\u0644\u0649 \u0627\u0644\u0644\u063a\u0629 \u0627\u0644\u0639\u0631\u0628\u064a\u0629) &#8211; lien vers l&#8217;article :RE-MED, UN PROJET DE RECYCLAGE DES D\u00c9CHETS DU BTP -FORMATIONS PR\u00c9ALABLES \u00c0 LA R\u00c9ALISATION DES PILOTES https:\/\/www.cetec.tn\/re-med-un-projet-de-recyclage-des-dechets-du-btp-formations-prealables-a-la-realisation-des-pilotes\/(\u0646\u0633\u062e\u0629 \u063a\u064a\u0631 \u0645\u062a\u0631\u062c\u0645\u0629 \u0625\u0644\u0649 \u0627\u0644\u0644\u063a\u0629 \u0627\u0644\u0639\u0631\u0628\u064a\u0629) &#8211; lien vers l&#8217;article :RE-MED, VALORISATION DES D\u00c9CHETS DE CONSTRUCTION DANS LES PROJETS ROUTIERS https:\/\/www.cetec.tn\/re-med-valorisation-des-dechets-de-construction-dans-les-projets-routiers\/(\u0646\u0633\u062e\u0629 \u063a\u064a\u0631 \u0645\u062a\u0631\u062c\u0645\u0629 \u0625\u0644\u0649 \u0627\u0644\u0644\u063a\u0629 \u0627\u0644\u0639\u0631\u0628\u064a\u0629) https:\/\/www.cetec.tn\/ar\/journee-de-formation-gamma-densimetre\/:Gamma densim\u00e9tre\u0627\u0644\u0631\u0627\u0628\u0637 \u0625\u0644\u0649 \u0645\u0642\u0627\u0644 \u064a\u0648\u0645 \u062a\u0643\u0648\u064a\u0646\u064a \u0639\u0644\u0649\u00a0 \u00a0\" \/>\n<meta property=\"og:url\" content=\"https:\/\/www.cetec.tn\/ar\/activites\/\" \/>\n<meta property=\"og:site_name\" content=\"CETEC\" \/>\n<meta property=\"article:modified_time\" content=\"2022-11-01T14:34:20+00:00\" \/>\n<meta name=\"twitter:card\" content=\"summary_large_image\" \/>\n<meta name=\"twitter:label1\" content=\"\u0648\u0642\u062a \u0627\u0644\u0642\u0631\u0627\u0621\u0629 \u0627\u0644\u0645\u064f\u0642\u062f\u0651\u0631\" \/>\n\t<meta name=\"twitter:data1\" content=\"\u062f\u0642\u064a\u0642\u0629 \u0648\u0627\u062d\u062f\u0629\" \/>\n<script type=\"application\/ld+json\" class=\"yoast-schema-graph\">{\"@context\":\"https:\/\/schema.org\",\"@graph\":[{\"@type\":\"WebSite\",\"@id\":\"https:\/\/www.cetec.tn\/#website\",\"url\":\"https:\/\/www.cetec.tn\/\",\"name\":\"CETEC\",\"description\":\"\",\"potentialAction\":[{\"@type\":\"SearchAction\",\"target\":{\"@type\":\"EntryPoint\",\"urlTemplate\":\"https:\/\/www.cetec.tn\/?s={search_term_string}\"},\"query-input\":\"required name=search_term_string\"}],\"inLanguage\":\"ar\"},{\"@type\":\"WebPage\",\"@id\":\"https:\/\/www.cetec.tn\/ar\/activites\/#webpage\",\"url\":\"https:\/\/www.cetec.tn\/ar\/activites\/\",\"name\":\"[:fr]Activit\\u00e9s[:ar]\\u0623\\u0646\\u0634\\u0637\\u0629[:] - CETEC\",\"isPartOf\":{\"@id\":\"https:\/\/www.cetec.tn\/#website\"},\"datePublished\":\"2021-04-13T09:08:17+00:00\",\"dateModified\":\"2022-11-01T14:34:20+00:00\",\"breadcrumb\":{\"@id\":\"https:\/\/www.cetec.tn\/ar\/activites\/#breadcrumb\"},\"inLanguage\":\"ar\",\"potentialAction\":[{\"@type\":\"ReadAction\",\"target\":[\"https:\/\/www.cetec.tn\/ar\/activites\/\"]}]},{\"@type\":\"BreadcrumbList\",\"@id\":\"https:\/\/www.cetec.tn\/ar\/activites\/#breadcrumb\",\"itemListElement\":[{\"@type\":\"ListItem\",\"position\":1,\"name\":\"Accueil\",\"item\":\"https:\/\/www.cetec.tn\/\"},{\"@type\":\"ListItem\",\"position\":2,\"name\":\"\\u0623\\u0646\\u0634\\u0637\\u0629\"}]}]}<\/script>\n<!-- \/ Yoast SEO plugin. -->","yoast_head_json":{"title":"\u0623\u0646\u0634\u0637\u0629","robots":{"index":"index","follow":"follow","max-snippet":"max-snippet:-1","max-image-preview":"max-image-preview:large","max-video-preview":"max-video-preview:-1"},"canonical":"https:\/\/www.cetec.tn\/ar\/activites\/","og_locale":"ar_AR","og_type":"article","og_title":"[:fr]Activit\u00e9s[:ar]\u0623\u0646\u0634\u0637\u0629[:] - CETEC","og_description":"\u0646\u0634\u0631\u064a\u0627\u062a\u0646\u0627 https:\/\/www.cetec.tn\/ar\/formation-ecodyn-3\/:ECODYN 3\u0627\u0644\u0631\u0627\u0628\u0637 \u0625\u0644\u0649 \u0645\u0642\u0627\u0644 \u0627\u0644\u062a\u0643\u0648\u064a\u0646 \u0639\u0644\u0649\u00a0\u00a0 https:\/\/www.cetec.tn\/ar\/formation-apl-4\/:APL4\u0627\u0644\u0631\u0627\u0628\u0637 \u0625\u0644\u0649 \u0645\u0642\u0627\u0644 \u0627\u0644\u062a\u0643\u0648\u064a\u0646 \u0639\u0644\u0649\u00a0 &#8211; lien vers l&#8217;article : FORMATION M2F https:\/\/www.cetec.tn\/f\/ (\u0646\u0633\u062e\u0629 \u063a\u064a\u0631 \u0645\u062a\u0631\u062c\u0645\u0629 \u0625\u0644\u0649 \u0627\u0644\u0644\u063a\u0629 \u0627\u0644\u0639\u0631\u0628\u064a\u0629) &#8211; lien vers l&#8217;article :RE-MED, UN PROJET DE RECYCLAGE DES D\u00c9CHETS DU BTP -FORMATIONS PR\u00c9ALABLES \u00c0 LA R\u00c9ALISATION DES PILOTES https:\/\/www.cetec.tn\/re-med-un-projet-de-recyclage-des-dechets-du-btp-formations-prealables-a-la-realisation-des-pilotes\/(\u0646\u0633\u062e\u0629 \u063a\u064a\u0631 \u0645\u062a\u0631\u062c\u0645\u0629 \u0625\u0644\u0649 \u0627\u0644\u0644\u063a\u0629 \u0627\u0644\u0639\u0631\u0628\u064a\u0629) &#8211; lien vers l&#8217;article :RE-MED, VALORISATION DES D\u00c9CHETS DE CONSTRUCTION DANS LES PROJETS ROUTIERS https:\/\/www.cetec.tn\/re-med-valorisation-des-dechets-de-construction-dans-les-projets-routiers\/(\u0646\u0633\u062e\u0629 \u063a\u064a\u0631 \u0645\u062a\u0631\u062c\u0645\u0629 \u0625\u0644\u0649 \u0627\u0644\u0644\u063a\u0629 \u0627\u0644\u0639\u0631\u0628\u064a\u0629) https:\/\/www.cetec.tn\/ar\/journee-de-formation-gamma-densimetre\/:Gamma densim\u00e9tre\u0627\u0644\u0631\u0627\u0628\u0637 \u0625\u0644\u0649 \u0645\u0642\u0627\u0644 \u064a\u0648\u0645 \u062a\u0643\u0648\u064a\u0646\u064a \u0639\u0644\u0649\u00a0 \u00a0","og_url":"https:\/\/www.cetec.tn\/ar\/activites\/","og_site_name":"CETEC","article_modified_time":"2022-11-01T14:34:20+00:00","twitter_card":"summary_large_image","twitter_misc":{"\u0648\u0642\u062a \u0627\u0644\u0642\u0631\u0627\u0621\u0629 \u0627\u0644\u0645\u064f\u0642\u062f\u0651\u0631":"\u062f\u0642\u064a\u0642\u0629 \u0648\u0627\u062d\u062f\u0629"},"schema":{"@context":"https:\/\/schema.org","@graph":[{"@type":"WebSite","@id":"https:\/\/www.cetec.tn\/#website","url":"https:\/\/www.cetec.tn\/","name":"CETEC","description":"","potentialAction":[{"@type":"SearchAction","target":{"@type":"EntryPoint","urlTemplate":"https:\/\/www.cetec.tn\/?s={search_term_string}"},"query-input":"required name=search_term_string"}],"inLanguage":"ar"},{"@type":"WebPage","@id":"https:\/\/www.cetec.tn\/ar\/activites\/#webpage","url":"https:\/\/www.cetec.tn\/ar\/activites\/","name":"[:fr]Activit\u00e9s[:ar]\u0623\u0646\u0634\u0637\u0629[:] - CETEC","isPartOf":{"@id":"https:\/\/www.cetec.tn\/#website"},"datePublished":"2021-04-13T09:08:17+00:00","dateModified":"2022-11-01T14:34:20+00:00","breadcrumb":{"@id":"https:\/\/www.cetec.tn\/ar\/activites\/#breadcrumb"},"inLanguage":"ar","potentialAction":[{"@type":"ReadAction","target":["https:\/\/www.cetec.tn\/ar\/activites\/"]}]},{"@type":"BreadcrumbList","@id":"https:\/\/www.cetec.tn\/ar\/activites\/#breadcrumb","itemListElement":[{"@type":"ListItem","position":1,"name":"Accueil","item":"https:\/\/www.cetec.tn\/"},{"@type":"ListItem","position":2,"name":"\u0623\u0646\u0634\u0637\u0629"}]}]}},"kb_featured_image_src_large":false,"kb_author_info":{"display_name":"CETEC","author_link":"https:\/\/www.cetec.tn\/ar\/author\/cetec\/","author_image":"https:\/\/secure.gravatar.com\/avatar\/2ba6c5d611bba80ee0d2135d403ba5a96f20ffe85b474a1d6a792f33b0e84f1d?s=96&d=mm&r=g"},"kb_comment_info":0,"_links":{"self":[{"href":"https:\/\/www.cetec.tn\/ar\/wp-json\/wp\/v2\/pages\/726","targetHints":{"allow":["GET"]}}],"collection":[{"href":"https:\/\/www.cetec.tn\/ar\/wp-json\/wp\/v2\/pages"}],"about":[{"href":"https:\/\/www.cetec.tn\/ar\/wp-json\/wp\/v2\/types\/page"}],"author":[{"embeddable":true,"href":"https:\/\/www.cetec.tn\/ar\/wp-json\/wp\/v2\/users\/2"}],"replies":[{"embeddable":true,"href":"https:\/\/www.cetec.tn\/ar\/wp-json\/wp\/v2\/comments?post=726"}],"version-history":[{"count":10,"href":"https:\/\/www.cetec.tn\/ar\/wp-json\/wp\/v2\/pages\/726\/revisions"}],"predecessor-version":[{"id":1792,"href":"https:\/\/www.cetec.tn\/ar\/wp-json\/wp\/v2\/pages\/726\/revisions\/1792"}],"wp:attachment":[{"href":"https:\/\/www.cetec.tn\/ar\/wp-json\/wp\/v2\/media?parent=726"}],"curies":[{"name":"wp","href":"https:\/\/api.w.org\/{rel}","templated":true}]}}