{"id":1626,"date":"2021-07-29T08:13:55","date_gmt":"2021-07-29T08:13:55","guid":{"rendered":"https:\/\/www.cetec.tn\/?page_id=1626"},"modified":"2021-08-09T07:55:38","modified_gmt":"2021-08-09T07:55:38","slug":"laboratoire-regional-de-sfax","status":"publish","type":"page","link":"https:\/\/www.cetec.tn\/ar\/laboratoire-regional-de-sfax\/","title":{"rendered":"Laboratoire R\u00e9gional de Sfax"},"content":{"rendered":"<div class=\"wp-block-ugb-accordion ugb-accordion ugb-6616ff0 ugb-accordion--v2 ugb-accordion--design-basic ugb-main-block\" aria-expanded=\"false\">\n<div class=\"ugb-inner-block\">\n<div class=\"ugb-block-content\">\n<div class=\"ugb-accordion__item\">\n<div class=\"ugb-accordion__heading ugb--shadow-2\" tabindex=\"0\" role=\"button\">\n<h4 class=\"ugb-accordion__title\">1- Le Laboratoire<\/h4>\n<\/div>\n<div class=\"ugb-accordion__content\" role=\"region\">\n<div class=\"ugb-accordion__content-inner\"><\/div>\n<\/div>\n<\/div>\n<\/div>\n<\/div>\n<\/div>\n\n\nLe Laboratoire R\u00e9gional de Sfax est rattach\u00e9 \u00e0 la sous-direction des laboratoires r\u00e9gionaux. Il r\u00e9pond aux diff\u00e9rentes commandes-clients d\u2019essais et de contr\u00f4le principalement dans la r\u00e9gion et encore dans les autres r\u00e9gions. Il assure, encore, le contr\u00f4le de la qualit\u00e9 de bitume et de ses d\u00e9riv\u00e9s au sein des usines \u00e0 bitume dans la r\u00e9gion. De plus, il assure le contr\u00f4le permanent du chantier de construction de l\u2019autoroute Sfax &#8211; Gab\u00e8s Lot N\u00b03.\n\n\n<p><!-- \/wp:post-content --><!-- wp:ugb\/accordion {\"borderRadius\":0,\"shadow\":2,\"titleTag\":\"h4\",\"titleColor\":\"#0693e3\",\"uniqueClass\":\"ugb-99e9090\",\"blockHeightUnit\":\"vh\",\"contentAlign\":\"left\"} --><\/p>\n<div class=\"wp-block-ugb-accordion ugb-accordion ugb-99e9090 ugb-accordion--v2 ugb-accordion--design-basic ugb-main-block\" aria-expanded=\"false\">\n<div class=\"ugb-inner-block\">\n<div class=\"ugb-block-content\">\n<div class=\"ugb-accordion__item\">\n<div class=\"ugb-accordion__heading ugb--shadow-2\" tabindex=\"0\" role=\"button\">\n<h4 class=\"ugb-accordion__title\">2- Les essais disponibles actuellement sont<\/h4>\n<p><img decoding=\"async\" src=\"https:\/\/www.cetec.tn\/wp-content\/uploads\/2021\/07\/essai-sfax.png\"><\/p>\n<\/div>\n<\/div>\n<\/div>\n<\/div>\n<\/div>\n<p><!-- \/wp:ugb\/accordion --><!-- wp:ugb\/accordion {\"borderRadius\":0,\"shadow\":2,\"titleTag\":\"h4\",\"titleColor\":\"#0693e3\",\"uniqueClass\":\"ugb-ec3841f\",\"blockHeightUnit\":\"vh\",\"contentAlign\":\"left\"} --><\/p>\n<div class=\"wp-block-ugb-accordion ugb-accordion ugb-ec3841f ugb-accordion--v2 ugb-accordion--design-basic ugb-main-block\" aria-expanded=\"false\">\n<div class=\"ugb-inner-block\">\n<div class=\"ugb-block-content\">\n<div class=\"ugb-accordion__item\">\n<div class=\"ugb-accordion__heading ugb--shadow-2\" tabindex=\"0\" role=\"button\">\n<h4 class=\"ugb-accordion__title\">3- Adresse et contact<\/h4>\n<\/div>\n<div class=\"ugb-accordion__content\" role=\"region\">\n<div class=\"ugb-accordion__content-inner\"><!-- wp:paragraph {\"kioblocks\":[]} -->&nbsp;<p><\/p>\n<p><!-- \/wp:paragraph --><\/p>\n<\/div>\n<\/div>\n<\/div>\n<\/div>\n<\/div>\n<\/div>\n<p><!-- \/wp:ugb\/accordion --><!-- wp:ugb\/accordion {\"borderRadius\":0,\"shadow\":2,\"titleTag\":\"h4\",\"titleColor\":\"#0693e3\",\"uniqueClass\":\"ugb-b4db609\",\"blockHeightUnit\":\"vh\",\"contentAlign\":\"left\"} --><\/p>\n<div class=\"wp-block-ugb-accordion ugb-accordion ugb-b4db609 ugb-accordion--v2 ugb-accordion--design-basic ugb-main-block\" aria-expanded=\"false\">\n<div class=\"ugb-inner-block\">\n<div class=\"ugb-block-content\">\n<div class=\"ugb-accordion__item\">\n<div class=\"ugb-accordion__heading ugb--shadow-2\" tabindex=\"0\" role=\"button\">\n<h4 class=\"ugb-accordion__title\">4- Photos<\/h4>\n<\/div>\n<div class=\"ugb-accordion__content\" role=\"region\">\n<div class=\"ugb-accordion__content-inner\"><!-- wp:paragraph {\"kioblocks\":[]} -->&nbsp;<p><\/p>\n<\/div>\n<\/div>\n<\/div>\n<\/div>\n<\/div>\n<\/div><!-- \/wp:paragraph -->","protected":false},"excerpt":{"rendered":"<p>1- Le Laboratoire Le Laboratoire R\u00e9gional de Sfax est rattach\u00e9 \u00e0 la sous-direction des laboratoires r\u00e9gionaux. Il r\u00e9pond aux diff\u00e9rentes commandes-clients d\u2019essais et de contr\u00f4le principalement dans la r\u00e9gion et encore dans les autres r\u00e9gions. Il assure, encore, le contr\u00f4le de la qualit\u00e9 de bitume et de ses d\u00e9riv\u00e9s au sein des usines \u00e0 bitume dans la r\u00e9gion. De plus, il assure le contr\u00f4le permanent du chantier de construction de l\u2019autoroute Sfax &#8211; Gab\u00e8s Lot N\u00b03. 2- Les essais disponibles actuellement sont 3- Adresse et contact &nbsp; 4- Photos &nbsp;<\/p>\n","protected":false},"author":2,"featured_media":0,"parent":0,"menu_order":0,"comment_status":"closed","ping_status":"closed","template":"","meta":{"kt_blocks_editor_width":"","kk_blocks_editor_width":"","_kiokenblocks_attr":"","_kiokenblocks_dimensions":"","footnotes":""},"class_list":["post-1626","page","type-page","status-publish","hentry"],"featured_image_urls":{"full":"","thumbnail":"","medium":"","medium_large":"","large":"","1536x1536":"","2048x2048":"","post-thumbnail":"","capital-600x400":""},"post_excerpt_stackable":"<p>1- Le Laboratoire Le Laboratoire R\u00e9gional de Sfax est rattach\u00e9 \u00e0 la sous-direction des laboratoires r\u00e9gionaux. Il r\u00e9pond aux diff\u00e9rentes commandes-clients d\u2019essais et de contr\u00f4le principalement dans la r\u00e9gion et encore dans les autres r\u00e9gions. Il assure, encore, le contr\u00f4le de la qualit\u00e9 de bitume et de ses d\u00e9riv\u00e9s au sein des usines \u00e0 bitume dans la r\u00e9gion. De plus, il assure le contr\u00f4le permanent du chantier de construction de l\u2019autoroute Sfax &#8211; Gab\u00e8s Lot N\u00b03. 2- Les essais disponibles actuellement sont 3- Adresse et contact &nbsp; 4- Photos &nbsp;<\/p>\n","category_list":"","author_info":{"name":"CETEC","url":"https:\/\/www.cetec.tn\/ar\/author\/cetec\/"},"comments_num":"0 comments","yoast_head":"<!-- This site is optimized with the Yoast SEO plugin v17.7.1 - https:\/\/yoast.com\/wordpress\/plugins\/seo\/ -->\n<title>Laboratoire R\u00e9gional de Sfax<\/title>\n<meta name=\"robots\" content=\"index, follow, max-snippet:-1, max-image-preview:large, max-video-preview:-1\" \/>\n<link rel=\"canonical\" href=\"https:\/\/www.cetec.tn\/ar\/laboratoire-regional-de-sfax\/\" \/>\n<meta property=\"og:locale\" content=\"ar_AR\" \/>\n<meta property=\"og:locale:alternate\" content=\"fr_FR\" \/>\n<meta property=\"og:type\" content=\"article\" \/>\n<meta property=\"og:title\" content=\"Laboratoire R\u00e9gional de Sfax\" \/>\n<meta property=\"og:description\" content=\"1- Le Laboratoire Le Laboratoire R\u00e9gional de Sfax est rattach\u00e9 \u00e0 la sous-direction des laboratoires r\u00e9gionaux. Il r\u00e9pond aux diff\u00e9rentes commandes-clients d\u2019essais et de contr\u00f4le principalement dans la r\u00e9gion et encore dans les autres r\u00e9gions. Il assure, encore, le contr\u00f4le de la qualit\u00e9 de bitume et de ses d\u00e9riv\u00e9s au sein des usines \u00e0 bitume dans la r\u00e9gion. De plus, il assure le contr\u00f4le permanent du chantier de construction de l\u2019autoroute Sfax &#8211; Gab\u00e8s Lot N\u00b03. 2- Les essais disponibles actuellement sont 3- Adresse et contact &nbsp; 4- Photos &nbsp;\" \/>\n<meta property=\"og:url\" content=\"https:\/\/www.cetec.tn\/ar\/laboratoire-regional-de-sfax\/\" \/>\n<meta property=\"og:site_name\" content=\"CETEC\" \/>\n<meta property=\"article:modified_time\" content=\"2021-08-09T07:55:38+00:00\" \/>\n<meta property=\"og:image\" content=\"https:\/\/www.cetec.tn\/wp-content\/uploads\/2021\/07\/essai-sfax.png\" \/>\n<meta name=\"twitter:card\" content=\"summary_large_image\" \/>\n<meta name=\"twitter:label1\" content=\"\u0648\u0642\u062a \u0627\u0644\u0642\u0631\u0627\u0621\u0629 \u0627\u0644\u0645\u064f\u0642\u062f\u0651\u0631\" \/>\n\t<meta name=\"twitter:data1\" content=\"\u062f\u0642\u064a\u0642\u0629 \u0648\u0627\u062d\u062f\u0629\" \/>\n<script type=\"application\/ld+json\" class=\"yoast-schema-graph\">{\"@context\":\"https:\/\/schema.org\",\"@graph\":[{\"@type\":\"WebSite\",\"@id\":\"https:\/\/www.cetec.tn\/#website\",\"url\":\"https:\/\/www.cetec.tn\/\",\"name\":\"CETEC\",\"description\":\"\",\"potentialAction\":[{\"@type\":\"SearchAction\",\"target\":{\"@type\":\"EntryPoint\",\"urlTemplate\":\"https:\/\/www.cetec.tn\/?s={search_term_string}\"},\"query-input\":\"required name=search_term_string\"}],\"inLanguage\":\"ar\"},{\"@type\":\"ImageObject\",\"@id\":\"https:\/\/www.cetec.tn\/ar\/laboratoire-regional-de-sfax\/#primaryimage\",\"inLanguage\":\"ar\",\"url\":\"https:\/\/www.cetec.tn\/wp-content\/uploads\/2021\/07\/essai-sfax.png\",\"contentUrl\":\"https:\/\/www.cetec.tn\/wp-content\/uploads\/2021\/07\/essai-sfax.png\",\"width\":909,\"height\":423},{\"@type\":\"WebPage\",\"@id\":\"https:\/\/www.cetec.tn\/ar\/laboratoire-regional-de-sfax\/#webpage\",\"url\":\"https:\/\/www.cetec.tn\/ar\/laboratoire-regional-de-sfax\/\",\"name\":\"[:fr]Laboratoire R\\u00e9gional de Sfax[:] - CETEC\",\"isPartOf\":{\"@id\":\"https:\/\/www.cetec.tn\/#website\"},\"primaryImageOfPage\":{\"@id\":\"https:\/\/www.cetec.tn\/ar\/laboratoire-regional-de-sfax\/#primaryimage\"},\"datePublished\":\"2021-07-29T08:13:55+00:00\",\"dateModified\":\"2021-08-09T07:55:38+00:00\",\"breadcrumb\":{\"@id\":\"https:\/\/www.cetec.tn\/ar\/laboratoire-regional-de-sfax\/#breadcrumb\"},\"inLanguage\":\"ar\",\"potentialAction\":[{\"@type\":\"ReadAction\",\"target\":[\"https:\/\/www.cetec.tn\/ar\/laboratoire-regional-de-sfax\/\"]}]},{\"@type\":\"BreadcrumbList\",\"@id\":\"https:\/\/www.cetec.tn\/ar\/laboratoire-regional-de-sfax\/#breadcrumb\",\"itemListElement\":[{\"@type\":\"ListItem\",\"position\":1,\"name\":\"Accueil\",\"item\":\"https:\/\/www.cetec.tn\/\"},{\"@type\":\"ListItem\",\"position\":2,\"name\":\"Laboratoire R\\u00e9gional de Sfax\"}]}]}<\/script>\n<!-- \/ Yoast SEO plugin. -->","yoast_head_json":{"title":"Laboratoire R\u00e9gional de Sfax","robots":{"index":"index","follow":"follow","max-snippet":"max-snippet:-1","max-image-preview":"max-image-preview:large","max-video-preview":"max-video-preview:-1"},"canonical":"https:\/\/www.cetec.tn\/ar\/laboratoire-regional-de-sfax\/","og_locale":"ar_AR","og_type":"article","og_title":"[:fr]Laboratoire R\u00e9gional de Sfax[:] - CETEC","og_description":"1- Le Laboratoire Le Laboratoire R\u00e9gional de Sfax est rattach\u00e9 \u00e0 la sous-direction des laboratoires r\u00e9gionaux. Il r\u00e9pond aux diff\u00e9rentes commandes-clients d\u2019essais et de contr\u00f4le principalement dans la r\u00e9gion et encore dans les autres r\u00e9gions. Il assure, encore, le contr\u00f4le de la qualit\u00e9 de bitume et de ses d\u00e9riv\u00e9s au sein des usines \u00e0 bitume dans la r\u00e9gion. De plus, il assure le contr\u00f4le permanent du chantier de construction de l\u2019autoroute Sfax &#8211; Gab\u00e8s Lot N\u00b03. 2- Les essais disponibles actuellement sont 3- Adresse et contact &nbsp; 4- Photos &nbsp;","og_url":"https:\/\/www.cetec.tn\/ar\/laboratoire-regional-de-sfax\/","og_site_name":"CETEC","article_modified_time":"2021-08-09T07:55:38+00:00","og_image":[{"url":"https:\/\/www.cetec.tn\/wp-content\/uploads\/2021\/07\/essai-sfax.png"}],"twitter_card":"summary_large_image","twitter_misc":{"\u0648\u0642\u062a \u0627\u0644\u0642\u0631\u0627\u0621\u0629 \u0627\u0644\u0645\u064f\u0642\u062f\u0651\u0631":"\u062f\u0642\u064a\u0642\u0629 \u0648\u0627\u062d\u062f\u0629"},"schema":{"@context":"https:\/\/schema.org","@graph":[{"@type":"WebSite","@id":"https:\/\/www.cetec.tn\/#website","url":"https:\/\/www.cetec.tn\/","name":"CETEC","description":"","potentialAction":[{"@type":"SearchAction","target":{"@type":"EntryPoint","urlTemplate":"https:\/\/www.cetec.tn\/?s={search_term_string}"},"query-input":"required name=search_term_string"}],"inLanguage":"ar"},{"@type":"ImageObject","@id":"https:\/\/www.cetec.tn\/ar\/laboratoire-regional-de-sfax\/#primaryimage","inLanguage":"ar","url":"https:\/\/www.cetec.tn\/wp-content\/uploads\/2021\/07\/essai-sfax.png","contentUrl":"https:\/\/www.cetec.tn\/wp-content\/uploads\/2021\/07\/essai-sfax.png","width":909,"height":423},{"@type":"WebPage","@id":"https:\/\/www.cetec.tn\/ar\/laboratoire-regional-de-sfax\/#webpage","url":"https:\/\/www.cetec.tn\/ar\/laboratoire-regional-de-sfax\/","name":"[:fr]Laboratoire R\u00e9gional de Sfax[:] - CETEC","isPartOf":{"@id":"https:\/\/www.cetec.tn\/#website"},"primaryImageOfPage":{"@id":"https:\/\/www.cetec.tn\/ar\/laboratoire-regional-de-sfax\/#primaryimage"},"datePublished":"2021-07-29T08:13:55+00:00","dateModified":"2021-08-09T07:55:38+00:00","breadcrumb":{"@id":"https:\/\/www.cetec.tn\/ar\/laboratoire-regional-de-sfax\/#breadcrumb"},"inLanguage":"ar","potentialAction":[{"@type":"ReadAction","target":["https:\/\/www.cetec.tn\/ar\/laboratoire-regional-de-sfax\/"]}]},{"@type":"BreadcrumbList","@id":"https:\/\/www.cetec.tn\/ar\/laboratoire-regional-de-sfax\/#breadcrumb","itemListElement":[{"@type":"ListItem","position":1,"name":"Accueil","item":"https:\/\/www.cetec.tn\/"},{"@type":"ListItem","position":2,"name":"Laboratoire R\u00e9gional de Sfax"}]}]}},"kb_featured_image_src_large":false,"kb_author_info":{"display_name":"CETEC","author_link":"https:\/\/www.cetec.tn\/ar\/author\/cetec\/","author_image":"https:\/\/secure.gravatar.com\/avatar\/2ba6c5d611bba80ee0d2135d403ba5a96f20ffe85b474a1d6a792f33b0e84f1d?s=96&d=mm&r=g"},"kb_comment_info":0,"_links":{"self":[{"href":"https:\/\/www.cetec.tn\/ar\/wp-json\/wp\/v2\/pages\/1626","targetHints":{"allow":["GET"]}}],"collection":[{"href":"https:\/\/www.cetec.tn\/ar\/wp-json\/wp\/v2\/pages"}],"about":[{"href":"https:\/\/www.cetec.tn\/ar\/wp-json\/wp\/v2\/types\/page"}],"author":[{"embeddable":true,"href":"https:\/\/www.cetec.tn\/ar\/wp-json\/wp\/v2\/users\/2"}],"replies":[{"embeddable":true,"href":"https:\/\/www.cetec.tn\/ar\/wp-json\/wp\/v2\/comments?post=1626"}],"version-history":[{"count":9,"href":"https:\/\/www.cetec.tn\/ar\/wp-json\/wp\/v2\/pages\/1626\/revisions"}],"predecessor-version":[{"id":1650,"href":"https:\/\/www.cetec.tn\/ar\/wp-json\/wp\/v2\/pages\/1626\/revisions\/1650"}],"wp:attachment":[{"href":"https:\/\/www.cetec.tn\/ar\/wp-json\/wp\/v2\/media?parent=1626"}],"curies":[{"name":"wp","href":"https:\/\/api.w.org\/{rel}","templated":true}]}}